{"id":744,"date":"2018-02-27T12:58:05","date_gmt":"2018-02-27T12:58:05","guid":{"rendered":"https:\/\/www.increasedigital.eu\/increase-digital\/"},"modified":"2019-10-03T22:40:59","modified_gmt":"2019-10-03T19:40:59","slug":"increase-digital","status":"publish","type":"page","link":"https:\/\/www.digitalpartners.ro\/ro\/","title":{"rendered":"Digital Partners"},"content":{"rendered":"<div class=\"wpb-content-wrapper\">[vc_row][vc_column][vc_column_text css=\".vc_custom_1538672287445{margin-bottom: 50px !important;}\"]\r\n<h3 style=\"text-align: center;\">O AGEN\u021aIE INTEGRAT\u0102 DE MARKETING PENTRU IMOBILIARE BAZAT\u0102 PE INDICATORI DE PERFORMAN\u021a\u0102<\/h3>\r\n[\/vc_column_text][\/vc_column][\/vc_row][vc_row full_width=\"stretch_row_content\"][vc_column][vc_column_text]\n\t<div class=\"shortcode-capabilities \" id=\"\">\n\t\t<div class=\"row\">\n\t\t\t\t\t\t\t<div class=\"item-capabilities col-12 col-sm-6 col-md-4 col-xl mb-4\">\n\t\t\t\t\t<span id=\"capabilities-752\" class=\"anchor\"><\/span>\n\t\t\t\t\t\t\t\t\t\t<div class=\"text-center\">\n\t\t\t\t\t\t<div class=\"mb-2\">\n\t\t\t\t\t\t\t<img data-src=\"https:\/\/www.digitalpartners.ro\/wp-content\/uploads\/market-research.jpg\" class=\"lazy\" alt=\"\" \/>\n\t\t\t\t\t\t<\/div>\n\t\t\t\t\t\t<h5 class=\"font-weight-light mb-2\">Cercetare de pia\u021b\u0103<\/h5>\n\t\t\t\t\t\t<p><strong>Cercet\u0103m<\/strong> mediul competitiv \u0219i categoriile de consumatori c\u0103rora proiectul reziden\u021bial li se adreseaz\u0103.<\/p>\n\t\t\t\t\t<\/div>\n\t\t\t\t<\/div>\n\t\t\t\t\t\t\t\t<div class=\"item-capabilities col-12 col-sm-6 col-md-4 col-xl mb-4\">\n\t\t\t\t\t<span id=\"capabilities-754\" class=\"anchor\"><\/span>\n\t\t\t\t\t\t\t\t\t\t<div class=\"text-center\">\n\t\t\t\t\t\t<div class=\"mb-2\">\n\t\t\t\t\t\t\t<img data-src=\"https:\/\/www.digitalpartners.ro\/wp-content\/uploads\/3d-rendering.jpg\" class=\"lazy\" alt=\"\" \/>\n\t\t\t\t\t\t<\/div>\n\t\t\t\t\t\t<h5 class=\"font-weight-light mb-2\">Rand\u0103ri 3D fotorealiste<\/h5>\n\t\t\t\t\t\t<p>Oferim servicii de <strong>vizualizare arhitectural\u0103 3D<\/strong> prin care d\u0103m via\u021b\u0103 fiec\u0103rui detaliu al proiectului t\u0103u, potrivit bugetului \u0219i orizontului de timp alocat.<\/p>\n\t\t\t\t\t<\/div>\n\t\t\t\t<\/div>\n\t\t\t\t\t\t\t\t<div class=\"item-capabilities col-12 col-sm-6 col-md-4 col-xl mb-4\">\n\t\t\t\t\t<span id=\"capabilities-756\" class=\"anchor\"><\/span>\n\t\t\t\t\t\t\t\t\t\t<div class=\"text-center\">\n\t\t\t\t\t\t<div class=\"mb-2\">\n\t\t\t\t\t\t\t<img data-src=\"https:\/\/www.digitalpartners.ro\/wp-content\/uploads\/brand-design.jpg\" class=\"lazy\" alt=\"\" \/>\n\t\t\t\t\t\t<\/div>\n\t\t\t\t\t\t<h5 class=\"font-weight-light mb-2\">Strategiei \u0219i identitate de brand<\/h5>\n\t\t\t\t\t\t<p>Identific\u0103m informa\u021bii cheie despre grupurile \u021bint\u0103 \u0219i competi\u021bia businessului dvs. \u0219i le convertim \u00een <strong>strategia de pozi\u021bionare \u0219i personalitatea brandului.<\/strong><\/p>\n\t\t\t\t\t<\/div>\n\t\t\t\t<\/div>\n\t\t\t\t\t\t\t\t<div class=\"item-capabilities col-12 col-sm-6 col-md-4 col-xl mb-4\">\n\t\t\t\t\t<span id=\"capabilities-759\" class=\"anchor\"><\/span>\n\t\t\t\t\t\t\t\t\t\t<div class=\"text-center\">\n\t\t\t\t\t\t<div class=\"mb-2\">\n\t\t\t\t\t\t\t<img data-src=\"https:\/\/www.digitalpartners.ro\/wp-content\/uploads\/creative-development.jpg\" class=\"lazy\" alt=\"\" \/>\n\t\t\t\t\t\t<\/div>\n\t\t\t\t\t\t<h5 class=\"font-weight-light mb-2\">Servicii de crea\u021bie<\/h5>\n\t\t\t\t\t\t<p>Prin definirea unei strategii clare \u0219i stabilirea unor obiective concrete,\u00a0vom crea un <strong>set de mesaje care s\u0103 reflecte cu fidelitate identitatea brandului<\/strong> dvs. \u0219i pe care \u00eel <strong>vom livra cu claritate vizual\u0103 \u0219i emo\u021bional\u0103<\/strong>.<\/p>\n\t\t\t\t\t<\/div>\n\t\t\t\t<\/div>\n\t\t\t\t\t\t\t\t<div class=\"item-capabilities col-12 col-sm-6 col-md-4 col-xl mb-4\">\n\t\t\t\t\t<span id=\"capabilities-765\" class=\"anchor\"><\/span>\n\t\t\t\t\t\t\t\t\t\t<div class=\"text-center\">\n\t\t\t\t\t\t<div class=\"mb-2\">\n\t\t\t\t\t\t\t<img data-src=\"https:\/\/www.digitalpartners.ro\/wp-content\/uploads\/web-dev.jpg\" class=\"lazy\" alt=\"\" \/>\n\t\t\t\t\t\t<\/div>\n\t\t\t\t\t\t<h5 class=\"font-weight-light mb-2\">Dezvoltare web \u0219i solu\u021bii tehnice<\/h5>\n\t\t\t\t\t\t<p>Oferim solu\u021bii tehnice complete pentru afacerea ta: <strong>dezvoltare web front-end \u0219i back-end, platforme e-commerce &amp; CRM, dezvoltare de aplica\u021bii mobile, g\u0103zduire web \u0219i stocare \u00een cloud<\/strong>.<\/p>\n\t\t\t\t\t<\/div>\n\t\t\t\t<\/div>\n\t\t\t\t\t\t\t\t<div class=\"item-capabilities col-12 col-sm-6 col-md-4 col-xl mb-4\">\n\t\t\t\t\t<span id=\"capabilities-763\" class=\"anchor\"><\/span>\n\t\t\t\t\t\t\t\t\t\t<div class=\"text-center\">\n\t\t\t\t\t\t<div class=\"mb-2\">\n\t\t\t\t\t\t\t<img data-src=\"https:\/\/www.digitalpartners.ro\/wp-content\/uploads\/digital-marketing.jpg\" class=\"lazy\" alt=\"\" \/>\n\t\t\t\t\t\t<\/div>\n\t\t\t\t\t\t<h5 class=\"font-weight-light mb-2\">Marketing digital \u0219i generare de lead-uri<\/h5>\n\t\t\t\t\t\t<p>Asigur\u0103m c\u0103 brandul proiectului imobiliar ajunge la c\u00e2t mai mul\u021bi consumatori prin canalele digitale pe care ace\u0219tia le prefer\u0103, prin <strong>campanii digitale integrate<\/strong>, <strong>solu\u021bii optimizate<\/strong> pentru a genera <strong>awareness brandului, cre\u0219terea traficul pe site, atragerea de clien\u021bii, generarea de lead-uri de calitate<\/strong>, pentru a vinde propriet\u0103\u021bile \u00een final.<\/p>\n\t\t\t\t\t<\/div>\n\t\t\t\t<\/div>\n\t\t\t\t\t\t<\/div>\n\t<\/div>\n[\/vc_column_text][\/vc_column][\/vc_row][vc_row full_width=\"stretch_row_content_no_spaces\"][vc_column][vc_column_text css=\".vc_custom_1538653679416{margin-bottom: 10px !important;}\"]\r\n<p style=\"text-align: center;\">AFLA\u021aI MAI MULTE DESPRE COMPETEN\u021aELE NOASTRE \u00ceN SECTORUL IMOBILIAR<\/p>\r\n[\/vc_column_text][vc_raw_html css=\".vc_custom_1538653704478{margin-bottom: 50px !important;}\"]JTNDc3BhbiUyMGNsYXNzJTNEJTIycmVhZC1tb3JlLWxpbmUlMjIlM0UlM0NhJTIwaHJlZiUzRCUyMmh0dHBzJTNBJTJGJTJGd3d3LmluY3JlYXNlZGlnaXRhbC5ldSUyRnJvJTJGbWFya2V0aW5nLWltb2JpbGlhcmUlMkYlMjIlM0UlM0MlMkZhJTNFJTNDJTJGc3BhbiUzRQ==[\/vc_raw_html][\/vc_column][\/vc_row][vc_row][vc_column][vc_column_text]\r\n<h2 style=\"text-align: center;\">PROIECTELE NOASTRE<\/h2>\r\n<p style=\"text-align: center;\">Ne acord\u0103m timp pentru a \u00een\u021belege proiectul t\u0103u imobiliar, implica\u021biile \u0219i provoc\u0103rile acestuia.\u00a0Lucr\u0103m \u00een str\u00e2ns\u0103 leg\u0103tur\u0103 cu tine pentru a dezvolta \u00eempreun\u0103 strategia de pozi\u021bionare cu cel mai mare impact, identitatea vizual\u0103 a brandului t\u0103u \u0219i strategiile de comunicare care direc\u021bioneaz\u0103 aten\u021bia poten\u021bialilor cump\u0103r\u0103tori, genereaz\u0103 v\u00e2nz\u0103ri \u0219i care cresc profilul \u0219i cifrele afacerii tale.<\/p>\r\n[\/vc_column_text][\/vc_column][\/vc_row][vc_row full_width=\"stretch_row_content_no_spaces\"][vc_column][vc_column_text css=\".vc_custom_1520240419392{margin-bottom: 70px !important;}\"]\n\t<div class=\"shortcode-work \" id=\"\">\n\t\t<div class=\"row no-gutters\">\n\t\t\t\t\t\t\t<div class=\"item-work col-12 col-sm-6 col-lg-3\"\n\t\t\t\t     data-services=\"brand-strategy-and-logo-design,creative-development,website-development,cloud-based-technical-solution\"\n\t\t\t\t>\n\t\t\t\t\t\t\t\t\t\t<a href=\"https:\/\/www.digitalpartners.ro\/ro\/work\/panorama-apartments\/\" class=\"text-white lazy\" data-src=\"https:\/\/www.digitalpartners.ro\/wp-content\/uploads\/work-panorama-2.jpg\">\n\t\t\t\t\t\t<span class=\"item-work-title text-uppercase\">\n\t\t\t\t\t\t\t<span class=\"text-white m-0\">PANORAMA Apartments<\/span>\n\t\t\t\t\t\t<\/span>\n\t\t\t\t\t<\/a>\n\t\t\t\t<\/div>\n\t\t\t\t\t\t\t<div class=\"item-work col-12 col-sm-6 col-lg-3\"\n\t\t\t\t     data-services=\"brand-strategy-and-logo-design,creative-development,website-development,digital-strategy,digital-marketing-campaigns,cloud-based-technical-solution,social-media-management\"\n\t\t\t\t>\n\t\t\t\t\t\t\t\t\t\t<a href=\"https:\/\/www.digitalpartners.ro\/ro\/work\/prima-development\/\" class=\"text-white lazy\" data-src=\"https:\/\/www.digitalpartners.ro\/wp-content\/uploads\/prima_development_2.jpg\">\n\t\t\t\t\t\t<span class=\"item-work-title text-uppercase\">\n\t\t\t\t\t\t\t<span class=\"text-white m-0\">Prima Development<\/span>\n\t\t\t\t\t\t<\/span>\n\t\t\t\t\t<\/a>\n\t\t\t\t<\/div>\n\t\t\t\t\t\t\t<div class=\"item-work col-12 col-sm-6 col-lg-6 item-work-width-x2\"\n\t\t\t\t     data-services=\"3d-architectural-renderings,market-research,interior-and-exterior-design,creative-development,website-development,digital-strategy,digital-marketing-campaigns,social-media-management\"\n\t\t\t\t>\n\t\t\t\t\t\t\t\t\t\t<a href=\"https:\/\/www.digitalpartners.ro\/ro\/work\/arbo-residence\/\" class=\"text-white lazy\" data-src=\"https:\/\/www.digitalpartners.ro\/wp-content\/uploads\/Arbo-2.jpg\">\n\t\t\t\t\t\t<span class=\"item-work-title text-uppercase\">\n\t\t\t\t\t\t\t<span class=\"text-white m-0\">Arbo Residence<\/span>\n\t\t\t\t\t\t<\/span>\n\t\t\t\t\t<\/a>\n\t\t\t\t<\/div>\n\t\t\t\t\t\t\t<div class=\"item-work col-12 col-sm-6 col-lg-6 item-work-width-x2\"\n\t\t\t\t     data-services=\"3d-architectural-renderings,market-research,interior-and-exterior-design,brand-strategy-and-logo-design,creative-development,website-development,digital-strategy,digital-marketing-campaigns,cloud-based-technical-solution,social-media-management,crm-integration\"\n\t\t\t\t>\n\t\t\t\t\t\t\t\t\t\t<a href=\"https:\/\/www.digitalpartners.ro\/ro\/work\/core-timpuri-noi\/\" class=\"text-white lazy\" data-src=\"https:\/\/www.digitalpartners.ro\/wp-content\/uploads\/work-core-3.jpg\">\n\t\t\t\t\t\t<span class=\"item-work-title text-uppercase\">\n\t\t\t\t\t\t\t<span class=\"text-white m-0\">Core Timpuri Noi<\/span>\n\t\t\t\t\t\t<\/span>\n\t\t\t\t\t<\/a>\n\t\t\t\t<\/div>\n\t\t\t\t\t\t\t<div class=\"item-work col-12 col-sm-6 col-lg-3\"\n\t\t\t\t     data-services=\"creative-development,website-development,digital-strategy,digital-marketing-campaigns,social-media-management,crm-integration\"\n\t\t\t\t>\n\t\t\t\t\t\t\t\t\t\t<a href=\"https:\/\/www.digitalpartners.ro\/ro\/work\/hils-pallady-apartments\/\" class=\"text-white lazy\" data-src=\"https:\/\/www.digitalpartners.ro\/wp-content\/uploads\/work-hils-1.jpg\">\n\t\t\t\t\t\t<span class=\"item-work-title text-uppercase\">\n\t\t\t\t\t\t\t<span class=\"text-white m-0\">HILS Pallady Apartments<\/span>\n\t\t\t\t\t\t<\/span>\n\t\t\t\t\t<\/a>\n\t\t\t\t<\/div>\n\t\t\t\t\t\t\t<div class=\"item-work col-12 col-sm-6 col-lg-3\"\n\t\t\t\t     data-services=\"3d-architectural-renderings,market-research,creative-development,digital-strategy,digital-marketing-campaigns\"\n\t\t\t\t>\n\t\t\t\t\t\t\t\t\t\t<a href=\"https:\/\/www.digitalpartners.ro\/ro\/work\/asmita-gardens\/\" class=\"text-white lazy\" data-src=\"https:\/\/www.digitalpartners.ro\/wp-content\/uploads\/asmita-1.jpg\">\n\t\t\t\t\t\t<span class=\"item-work-title text-uppercase\">\n\t\t\t\t\t\t\t<span class=\"text-white m-0\">Asmita Gardens<\/span>\n\t\t\t\t\t\t<\/span>\n\t\t\t\t\t<\/a>\n\t\t\t\t<\/div>\n\t\t\t\t\t<\/div>\n\t<\/div>\n[\/vc_column_text][\/vc_column][\/vc_row][vc_row][vc_column][vc_column_text]\r\n<h3 style=\"text-align: center;\">O PARTE DINTRE CLIEN\u021aII NO\u0218TRI<\/h3>\r\n[\/vc_column_text][vc_column_text css=\".vc_custom_1538654530709{margin-bottom: 50px !important;}\"]\r\n<p style=\"text-align: center;\"><span style=\"font-weight: 400;\">Ne putem m\u00e2ndri de parteneriatele, colaborarea \u0219i asisten\u021ba pe care am acordat-o unui num\u0103r substan\u021bial de clien\u021bi, at\u00e2t dezvoltatori locali c\u00e2t \u0219i din fonduri de investi\u021bii interna\u021bionale. \u00cencrederea \u0219i rela\u021biile construite pe termen lung sunt fundamentale pentru a ob\u021bine succesul comun.<\/span><\/p>\r\n[\/vc_column_text][vc_column_text]\n\t<div class=\"shortcode-clients \" id=\"\">\n\t\t<div class=\"row align-items-center\">\n\t\t\t\t\t\t\t<div class=\"item-clients col-6 col-sm-4 col-md-2 my-4 text-center px-md-4\">\n\t\t\t\t\t\t\t\t\t\t<span  >\n\t\t\t\t\t\t<img data-src=\"https:\/\/www.digitalpartners.ro\/wp-content\/uploads\/blu-drumul-taberei.png\" class=\"lazy\" alt=\"\" \/>\n\t\t\t\t\t<\/span>\n\t\t\t\t<\/div>\n\t\t\t\t\t\t\t<div class=\"item-clients col-6 col-sm-4 col-md-2 my-4 text-center px-md-4\">\n\t\t\t\t\t\t\t\t\t\t<span  >\n\t\t\t\t\t\t<img data-src=\"https:\/\/www.digitalpartners.ro\/wp-content\/uploads\/national-golf.png\" class=\"lazy\" alt=\"\" \/>\n\t\t\t\t\t<\/span>\n\t\t\t\t<\/div>\n\t\t\t\t\t\t\t<div class=\"item-clients col-6 col-sm-4 col-md-2 my-4 text-center px-md-4\">\n\t\t\t\t\t\t\t\t\t\t<span  >\n\t\t\t\t\t\t<img data-src=\"https:\/\/www.digitalpartners.ro\/wp-content\/uploads\/regnum-residence.png\" class=\"lazy\" alt=\"\" \/>\n\t\t\t\t\t<\/span>\n\t\t\t\t<\/div>\n\t\t\t\t\t\t\t<div class=\"item-clients col-6 col-sm-4 col-md-2 my-4 text-center px-md-4\">\n\t\t\t\t\t\t\t\t\t\t<span  >\n\t\t\t\t\t\t<img data-src=\"https:\/\/www.digitalpartners.ro\/wp-content\/uploads\/anchor-grup.png\" class=\"lazy\" alt=\"\" \/>\n\t\t\t\t\t<\/span>\n\t\t\t\t<\/div>\n\t\t\t\t\t\t\t<div class=\"item-clients col-6 col-sm-4 col-md-2 my-4 text-center px-md-4\">\n\t\t\t\t\t\t\t\t\t\t<span  >\n\t\t\t\t\t\t<img data-src=\"https:\/\/www.digitalpartners.ro\/wp-content\/uploads\/echo-tineretului.png\" class=\"lazy\" alt=\"\" \/>\n\t\t\t\t\t<\/span>\n\t\t\t\t<\/div>\n\t\t\t\t\t\t\t<div class=\"item-clients col-6 col-sm-4 col-md-2 my-4 text-center px-md-4\">\n\t\t\t\t\t\t\t\t\t\t<span  >\n\t\t\t\t\t\t<img data-src=\"https:\/\/www.digitalpartners.ro\/wp-content\/uploads\/the-meadows.png\" class=\"lazy\" alt=\"\" \/>\n\t\t\t\t\t<\/span>\n\t\t\t\t<\/div>\n\t\t\t\t\t<\/div>\n\t<\/div>\n[\/vc_column_text][\/vc_column][\/vc_row]<\/div>","protected":false},"excerpt":{"rendered":"<p>[vc_row][vc_column][vc_column_text css=&#8221;.vc_custom_1538672287445{margin-bottom: 50px !important;}&#8221;] O AGEN\u021aIE INTEGRAT\u0102 DE MARKETING PENTRU IMOBILIARE BAZAT\u0102 PE INDICATORI DE PERFORMAN\u021a\u0102 [\/vc_column_text][\/vc_column][\/vc_row][vc_row full_width=&#8221;stretch_row_content&#8221;][vc_column][vc_column_text][\/vc_column_text][\/vc_column][\/vc_row][vc_row full_width=&#8221;stretch_row_content_no_spaces&#8221;][vc_column][vc_column_text css=&#8221;.vc_custom_1538653679416{margin-bottom: 10px !important;}&#8221;] AFLA\u021aI MAI MULTE DESPRE COMPETEN\u021aELE NOASTRE \u00ceN SECTORUL IMOBILIAR [\/vc_column_text][vc_raw_html css=&#8221;.vc_custom_1538653704478{margin-bottom: 50px !important;}&#8221;]JTNDc3BhbiUyMGNsYXNzJTNEJTIycmVhZC1tb3JlLWxpbmUlMjIlM0UlM0NhJTIwaHJlZiUzRCUyMmh0dHBzJTNBJTJGJTJGd3d3LmluY3JlYXNlZGlnaXRhbC5ldSUyRnJvJTJGbWFya2V0aW5nLWltb2JpbGlhcmUlMkYlMjIlM0UlM0MlMkZhJTNFJTNDJTJGc3BhbiUzRQ==[\/vc_raw_html][\/vc_column][\/vc_row][vc_row][vc_column][vc_column_text] PROIECTELE NOASTRE Ne acord\u0103m timp &hellip; <a href=\"https:\/\/www.digitalpartners.ro\/ro\/clients\/the-meadows\/\">Continue reading <span class=\"meta-nav\">&rarr;<\/span><\/a><\/p>\n","protected":false},"author":2,"featured_media":542,"parent":0,"menu_order":0,"comment_status":"closed","ping_status":"closed","template":"","meta":{"_acf_changed":false,"footnotes":""},"class_list":["post-744","page","type-page","status-publish","has-post-thumbnail","hentry"],"acf":[],"_links":{"self":[{"href":"https:\/\/www.digitalpartners.ro\/ro\/wp-json\/wp\/v2\/pages\/744","targetHints":{"allow":["GET"]}}],"collection":[{"href":"https:\/\/www.digitalpartners.ro\/ro\/wp-json\/wp\/v2\/pages"}],"about":[{"href":"https:\/\/www.digitalpartners.ro\/ro\/wp-json\/wp\/v2\/types\/page"}],"author":[{"embeddable":true,"href":"https:\/\/www.digitalpartners.ro\/ro\/wp-json\/wp\/v2\/users\/2"}],"replies":[{"embeddable":true,"href":"https:\/\/www.digitalpartners.ro\/ro\/wp-json\/wp\/v2\/comments?post=744"}],"version-history":[{"count":10,"href":"https:\/\/www.digitalpartners.ro\/ro\/wp-json\/wp\/v2\/pages\/744\/revisions"}],"predecessor-version":[{"id":991,"href":"https:\/\/www.digitalpartners.ro\/ro\/wp-json\/wp\/v2\/pages\/744\/revisions\/991"}],"wp:featuredmedia":[{"embeddable":true,"href":"https:\/\/www.digitalpartners.ro\/ro\/wp-json\/wp\/v2\/media\/542"}],"wp:attachment":[{"href":"https:\/\/www.digitalpartners.ro\/ro\/wp-json\/wp\/v2\/media?parent=744"}],"curies":[{"name":"wp","href":"https:\/\/api.w.org\/{rel}","templated":true}]}}