{"id":737,"date":"2018-03-01T16:21:13","date_gmt":"2018-03-01T14:21:13","guid":{"rendered":"https:\/\/www.increasedigital.eu\/expertise-in-real-estate\/"},"modified":"2020-01-10T00:50:30","modified_gmt":"2020-01-09T22:50:30","slug":"expertiza-in-imobiliare","status":"publish","type":"page","link":"https:\/\/www.digitalpartners.ro\/ro\/expertiza-in-imobiliare\/","title":{"rendered":"Expertiz\u0103"},"content":{"rendered":"<div class=\"wpb-content-wrapper\">[vc_row][vc_column][vc_column_text css=\".vc_custom_1538652087061{margin-bottom: 70px !important;}\"]\r\n<h3 style=\"text-align: center;\">AGEN\u021aIE DE MARKETING ONLINE FULL-SERVICE \u00ceN DOMENIUL IMOBILIAR<\/h3>\r\n<p style=\"text-align: center;\"><span style=\"font-weight: 400;\">\u00cembin\u0103m expertiza noastr\u0103 din industria imobiliar\u0103, creativitatea \u0219i competen\u021bele digitale pentru a livra strategiile cele mai performante \u0219i solu\u021biile necesare pentru a construi un brand puternic, pentru a vinde imobilele \u0219i <\/span><span style=\"font-weight: 400;\">pentru a spori rentabilitatea investi\u021biei clien\u021bilor no\u0219tri.<\/span><\/p>\r\n[\/vc_column_text][\/vc_column][\/vc_row][vc_row][vc_column][vc_column_text css=\".vc_custom_1519916524417{margin-bottom: 100px !important;}\"]\t<div class=\"shortcode-expertise \" id=\"\">\n\t\t\t\t\t<div class=\"row item-expertise\">\n\t\t\t\t<div class=\"col-12 col-md-6 mb-3\">\n\t\t\t\t\t<h4>STRATEGII DE COMUNICARE PENTRU DEZVOLTATORI IMOBILIARI, AGEN\u021aII IMOBILIARE \u0218I COMPANII DE CONSTRUC\u021aII<\/h4>\n<p>Construim al\u0103turi de tine, de la planuri la v\u00e2nz\u0103rile caselor. \u00cen\u021belegem publicul domeniului imobiliar, factorii care influen\u021beaz\u0103 deciziile acestuia \u0219i cea mai bun\u0103 cale de a ne conecta cu ace\u0219tia \u0219i de a-i motiva s\u0103 cumpere.<\/p>\n\t\t\t\t<\/div>\n\t\t\t\t<div class=\"col-12 col-md-6 mb-3 expertise-image position-relative order-md-first\">\n\t\t\t\t\t<div class=\"lazy\" data-src=\"https:\/\/www.digitalpartners.ro\/wp-content\/uploads\/capabilities-1.jpg\"><\/div>\n\t\t\t\t<\/div>\n\t\t\t<\/div>\n\t\t\t\t\t<div class=\"row item-expertise\">\n\t\t\t\t<div class=\"col-12 col-md-6 mb-3\">\n\t\t\t\t\t<h4>MARKETING \u0218I PUBLICITATE PENTRU IMOBILIARE<\/h4>\n<p>Cu o experien\u021b\u0103 de peste 12 ani \u00een proiecte imobiliare, echipa noastr\u0103 de profesioni\u0219ti \u00een\u021belege \u0219i \u0219tie de ce este nevoie pentru a atrage cump\u0103r\u0103tori \u0219i pentru a \u00eembun\u0103t\u0103\u021bi propriet\u0103\u021bile imobiliare.\u00a0Oferim o multitudine de strategii de marketing \u0219i publicitate care s-au dovedit a fi func\u021bionale \u0219i eficiente \u00een cadrul industriei, inclusiv dezvoltarea campaniei creative, marketingul \u00een motoarele de c\u0103utare, publicitatea pl\u0103tit\u0103 (PPC), con\u021binut social media, retargetarea vizitatorilor, managementul prezen\u021bei pe re\u021belele sociale, marketingul prin e-mail.<\/p>\n\t\t\t\t<\/div>\n\t\t\t\t<div class=\"col-12 col-md-6 mb-3 expertise-image position-relative \">\n\t\t\t\t\t<div class=\"lazy\" data-src=\"https:\/\/www.digitalpartners.ro\/wp-content\/uploads\/capabilities-2.jpg\"><\/div>\n\t\t\t\t<\/div>\n\t\t\t<\/div>\n\t\t\t\t\t<div class=\"row item-expertise\">\n\t\t\t\t<div class=\"col-12 col-md-6 mb-3\">\n\t\t\t\t\t<h4>SUNTEM EXPER\u021aI \u00ceN GENERAREA DE LEAD-URI<\/h4>\n<p>Folosim instrumentele de analiz\u0103 potrivite pentru a \u00een\u021belege modul de abordare \u0219i interac\u021bionare a publicului \u021bint\u0103 potrivit. \u00cen\u021belegem pia\u021ba \u0219i provoc\u0103rile unice cu care dezvoltatorii imobiliari se confrunt\u0103, iar profesioni\u0219tii no\u0219tri vor lucra \u00eentotdeauna \u00eendeaproape de tine pentru a te asigura c\u0103 obiectivele afacerii tale sunt \u00eendeplinite.<\/p>\n\t\t\t\t<\/div>\n\t\t\t\t<div class=\"col-12 col-md-6 mb-3 expertise-image position-relative order-md-first\">\n\t\t\t\t\t<div class=\"lazy\" data-src=\"https:\/\/www.digitalpartners.ro\/wp-content\/uploads\/capabilities-3.jpg\"><\/div>\n\t\t\t\t<\/div>\n\t\t\t<\/div>\n\t\t\t\t\t<div class=\"row item-expertise\">\n\t\t\t\t<div class=\"col-12 col-md-6 mb-3\">\n\t\t\t\t\t<h4>DEZVOLTARE DE WEBSITE-URI \u0218I SOLU\u021aII DIGITALE PERSONALIZATE<\/h4>\n<p>C\u00e2nd activa\u021bi \u00een afaceri imobiliare, web site-ul proiectului reziden\u021bial trebuie s\u0103 fie proiectat \u021bin\u00e2nd cont de obiectivele de v\u00e2nz\u0103ri \u0219i de interesele poten\u021bialilor clien\u021bi. Managerii no\u0219tri de proiect merg mai departe de asta \u0219i \u00een\u021beleg identitatea \u0219i obiectivele brand-ului. V\u0103 putem oferi cu u\u0219urin\u021b\u0103 site-uri integrarte cu solu\u021bii CRM, generatoare de lead-urilor, integrare cu prezen\u021ba pe social media \u0219i multe altele.<\/p>\n\t\t\t\t<\/div>\n\t\t\t\t<div class=\"col-12 col-md-6 mb-3 expertise-image position-relative \">\n\t\t\t\t\t<div class=\"lazy\" data-src=\"https:\/\/www.digitalpartners.ro\/wp-content\/uploads\/capabilities-4.jpg\"><\/div>\n\t\t\t\t<\/div>\n\t\t\t<\/div>\n\t\t\t<\/div>\n[\/vc_column_text][\/vc_column][\/vc_row][vc_row][vc_column][vc_column_text]\r\n<p style=\"text-align: center;\"><a href=\"https:\/\/www.digitalpartners.ro\/ro\/marketing-imobiliare\/\">AFL\u0102 MAI MULTE DESPRE COMPETEN\u021aELE NOASTRE \u00ceN SECTORUL IMOBILIAR &gt;<\/a><\/p>\r\n[\/vc_column_text][\/vc_column][\/vc_row]<\/div>","protected":false},"excerpt":{"rendered":"<p>[vc_row][vc_column][vc_column_text css=&#8221;.vc_custom_1538652087061{margin-bottom: 70px !important;}&#8221;] AGEN\u021aIE DE MARKETING ONLINE FULL-SERVICE \u00ceN DOMENIUL IMOBILIAR \u00cembin\u0103m expertiza noastr\u0103 din industria imobiliar\u0103, creativitatea \u0219i competen\u021bele digitale pentru a livra strategiile cele mai performante \u0219i solu\u021biile necesare pentru a construi un brand puternic, pentru a &hellip; <a href=\"https:\/\/www.digitalpartners.ro\/ro\/expertiza-in-imobiliare\/\">Continue reading <span class=\"meta-nav\">&rarr;<\/span><\/a><\/p>\n","protected":false},"author":2,"featured_media":541,"parent":0,"menu_order":0,"comment_status":"closed","ping_status":"closed","template":"templates\/page-expertise.php","meta":{"_acf_changed":false,"footnotes":""},"class_list":["post-737","page","type-page","status-publish","has-post-thumbnail","hentry"],"acf":[],"_links":{"self":[{"href":"https:\/\/www.digitalpartners.ro\/ro\/wp-json\/wp\/v2\/pages\/737","targetHints":{"allow":["GET"]}}],"collection":[{"href":"https:\/\/www.digitalpartners.ro\/ro\/wp-json\/wp\/v2\/pages"}],"about":[{"href":"https:\/\/www.digitalpartners.ro\/ro\/wp-json\/wp\/v2\/types\/page"}],"author":[{"embeddable":true,"href":"https:\/\/www.digitalpartners.ro\/ro\/wp-json\/wp\/v2\/users\/2"}],"replies":[{"embeddable":true,"href":"https:\/\/www.digitalpartners.ro\/ro\/wp-json\/wp\/v2\/comments?post=737"}],"version-history":[{"count":3,"href":"https:\/\/www.digitalpartners.ro\/ro\/wp-json\/wp\/v2\/pages\/737\/revisions"}],"predecessor-version":[{"id":740,"href":"https:\/\/www.digitalpartners.ro\/ro\/wp-json\/wp\/v2\/pages\/737\/revisions\/740"}],"wp:featuredmedia":[{"embeddable":true,"href":"https:\/\/www.digitalpartners.ro\/ro\/wp-json\/wp\/v2\/media\/541"}],"wp:attachment":[{"href":"https:\/\/www.digitalpartners.ro\/ro\/wp-json\/wp\/v2\/media?parent=737"}],"curies":[{"name":"wp","href":"https:\/\/api.w.org\/{rel}","templated":true}]}}