{"id":731,"date":"2018-03-02T10:19:42","date_gmt":"2018-03-02T08:19:42","guid":{"rendered":"https:\/\/www.increasedigital.eu\/the-real-estate-marketing-agency\/"},"modified":"2024-10-08T02:29:56","modified_gmt":"2024-10-07T23:29:56","slug":"agentie-de-marketing-pentru-imobiliare","status":"publish","type":"page","link":"https:\/\/www.digitalpartners.ro\/ro\/agentie-de-marketing-pentru-imobiliare\/","title":{"rendered":"Agen\u021bia Digital Partners"},"content":{"rendered":"<div class=\"wpb-content-wrapper\">[vc_row][vc_column][vc_column_text]<\/p>\n<h3 style=\"text-align: center;\">HAI S\u0102 NE CUNOA\u0218TEM<\/h3>\n<p>[\/vc_column_text][vc_column_text]<\/p>\n<p style=\"text-align: center;\"><span style=\"font-weight: 400;\">Compania noastr\u0103 a fost \u00eenfiin\u021bat\u0103 \u00een 2009, \u00eens\u0103 echipele noastre au peste 12 ani de expertiz\u0103 tehnic\u0103 \u0219i experien\u021ba a peste 2000 de proiecte de succes \u00een mediul online.\u00a0<\/span><span style=\"font-weight: 400;\">Am dezvoltat o cultur\u0103 a afacerii care ne permite s\u0103 ne desprindem \u0219i s\u0103 ne diferen\u021biem de modelele comune \u0219i s\u0103 construim solu\u021bii personalizate pentru fiecare client, indiferent de tipul afacerii.<\/span><\/p>\n<p style=\"text-align: center;\"><span style=\"font-weight: 400;\">Denumit\u0103 ini\u021bial <a href=\"https:\/\/www.goodafternoon.ro\" target=\"_blank\" rel=\"noopener\">Good Afternoon<\/a>, ne-am schimbat numele \u00een 2018 pentru a reflecta viziunea, misiunea \u0219i structura ac\u021bionariatului. Ne propunem s\u0103 dezvolt\u0103m branduri de succes \u00een domeniul imobiliar.<br \/>\n<\/span><span style=\"font-weight: 400;\">Suntem aici pentru a ajuta investitorii imobiliari, dezvoltatorii \u0219i agen\u021biile s\u0103-\u0219i ating\u0103 obiectivele, iar valorile noastre s-au n\u0103scut \u00een spiritul colabor\u0103rii, integrit\u0103\u021bii \u0219i dep\u0103\u0219irea a\u0219tept\u0103rilor.<br \/>\n<\/span><span style=\"font-weight: 400;\">Credem c\u0103 succesul provine din \u00een\u021belegerea pie\u021bei \u0219i din \u00een\u021belegerea publicului \u021bint\u0103, \u0219i \u0219tim c\u0103 primul pas spre \u00een\u021belegerea acestora este cercetarea. Tot ceea ce facem, de la implementarea campaniilor de promovare, la strategie, la proiectarea site-urilor web \u0219i la planificarea campaniilor de comunicare, totul bazat pe date relevante acumulate \u0219i prelucrate de-a lungul timpului.<\/span><\/p>\n<p>[\/vc_column_text][vc_column_text css=&#8221;.vc_custom_1538646760691{margin-top: 100px !important;}&#8221;]<\/p>\n<h3 style=\"text-align: center;\">CREDEM \u00ceN<\/h3>\n<p>[\/vc_column_text][vc_column_text]<\/p>\n<p style=\"text-align: center;\"><strong>Credem<\/strong> c\u0103 fiecare brand ar trebui s\u0103 fie ghidat de o <strong>strategie de comunicare puternic\u0103, clar\u0103 \u0219i specific\u0103<\/strong>. Numai strategia poate stabili un curs durabil pentru succes.<\/p>\n<p style=\"text-align: center;\"><strong>Credem<\/strong> c\u0103 fiecare brand ar trebui s\u0103 se exprime \u00eentr-un mod care s\u0103 fie <strong>consistent, puternic \u0219i conving\u0103tor<\/strong>\u00a0din orice perspectiv\u0103.<\/p>\n<p style=\"text-align: center;\"><strong>Credem \u00een puterea analizei<\/strong>. Cifrele nu mint. Punem valoare \u00een procesul de luare a deciziilor pe m\u0103surarea performan\u021bei \u0219i stabilirea obiectivelor bazate pe date. Emitem teze. Le test\u0103m. M\u0103sur\u0103m. Elimin\u0103m rezultatele mai pu\u021bin satisf\u0103c\u0103toare.<\/p>\n<p style=\"text-align: center;\"><strong>Credem \u00een a face<\/strong>. \u00centotdeauna este loc de a face mai bine, pentru clien\u021bii no\u0219tri, pentru compania noastr\u0103 \u0219i pentru noi \u00een\u0219ine.<\/p>\n<p style=\"text-align: center;\"><strong>Credem \u00een perseveren\u021b\u0103<\/strong>. Continu\u0103m s\u0103 \u00eenv\u0103\u021b\u0103m \u0219i s\u0103 \u00eembun\u0103t\u0103\u021bim calitatea serviciilor livrate \u0219i insit\u0103m \u00een a g\u0103si \u0219i a crea diferen\u021ba real\u0103 \u0219i tangibil\u0103 \u00een afacerea clientului nostru.<\/p>\n<p style=\"text-align: center;\"><strong>Credem \u00een colaborare<\/strong> \u0219i a\u0219tept\u0103m cu ner\u0103bdare s\u0103 colabor\u0103m pentru a-\u021bi atinge obiectivele \u0219i a-\u021bi dep\u0103\u0219i a\u0219tept\u0103rile \u00eempreun\u0103, ca o echip\u0103.<\/p>\n<p>[\/vc_column_text][vc_column_text css=&#8221;.vc_custom_1538649636340{margin-top: 100px !important;}&#8221;]<\/p>\n<h3 style=\"text-align: center;\">TOTUL \u00ceNCEPE DE LA ECHIP\u0102<\/h3>\n<p>[\/vc_column_text][\/vc_column][\/vc_row]<\/p><\/div>\n","protected":false},"excerpt":{"rendered":"<p>[vc_row][vc_column][vc_column_text] HAI S\u0102 NE CUNOA\u0218TEM [\/vc_column_text][vc_column_text] Compania noastr\u0103 a fost \u00eenfiin\u021bat\u0103 \u00een 2009, \u00eens\u0103 echipele noastre au peste 12 ani de expertiz\u0103 tehnic\u0103 \u0219i experien\u021ba a peste 2000 de proiecte de succes \u00een mediul online.\u00a0Am dezvoltat o cultur\u0103 a afacerii &hellip; <a href=\"https:\/\/www.digitalpartners.ro\/ro\/agentie-de-marketing-pentru-imobiliare\/\">Continue reading <span class=\"meta-nav\">&rarr;<\/span><\/a><\/p>\n","protected":false},"author":2,"featured_media":640,"parent":0,"menu_order":0,"comment_status":"closed","ping_status":"closed","template":"templates\/page-agency.php","meta":{"_acf_changed":false,"footnotes":""},"class_list":["post-731","page","type-page","status-publish","has-post-thumbnail","hentry"],"acf":[],"_links":{"self":[{"href":"https:\/\/www.digitalpartners.ro\/ro\/wp-json\/wp\/v2\/pages\/731","targetHints":{"allow":["GET"]}}],"collection":[{"href":"https:\/\/www.digitalpartners.ro\/ro\/wp-json\/wp\/v2\/pages"}],"about":[{"href":"https:\/\/www.digitalpartners.ro\/ro\/wp-json\/wp\/v2\/types\/page"}],"author":[{"embeddable":true,"href":"https:\/\/www.digitalpartners.ro\/ro\/wp-json\/wp\/v2\/users\/2"}],"replies":[{"embeddable":true,"href":"https:\/\/www.digitalpartners.ro\/ro\/wp-json\/wp\/v2\/comments?post=731"}],"version-history":[{"count":5,"href":"https:\/\/www.digitalpartners.ro\/ro\/wp-json\/wp\/v2\/pages\/731\/revisions"}],"predecessor-version":[{"id":1788,"href":"https:\/\/www.digitalpartners.ro\/ro\/wp-json\/wp\/v2\/pages\/731\/revisions\/1788"}],"wp:featuredmedia":[{"embeddable":true,"href":"https:\/\/www.digitalpartners.ro\/ro\/wp-json\/wp\/v2\/media\/640"}],"wp:attachment":[{"href":"https:\/\/www.digitalpartners.ro\/ro\/wp-json\/wp\/v2\/media?parent=731"}],"curies":[{"name":"wp","href":"https:\/\/api.w.org\/{rel}","templated":true}]}}