{"id":1221,"date":"2022-02-08T03:37:39","date_gmt":"2022-02-08T01:37:39","guid":{"rendered":"https:\/\/www.digitalpartners.ro\/?page_id=1221"},"modified":"2023-05-29T17:19:26","modified_gmt":"2023-05-29T14:19:26","slug":"recrutam-social-media-storyteller","status":"publish","type":"page","link":"https:\/\/www.digitalpartners.ro\/ro\/recrutam-social-media-storyteller\/","title":{"rendered":"Recrut\u0103m Social Media Storyteller"},"content":{"rendered":"<div class=\"wpb-content-wrapper\">[vc_row][vc_column][vc_column_text]<\/p>\n<p style=\"text-align: center;\"><span style=\"font-weight: 400;\">Aceasta este o oportunitate unic\u0103 pentru un candidat de a participa la construirea \u0219i gestionarea prezen\u021bei at\u00e2t digitale c\u00e2t \u0219i offline, prin copywriting, storytelling \u0219i concepte creative pentru branduri imobiliare de top din Rom\u00e2nia.<\/span><\/p>\n<p style=\"text-align: center;\">Candidatul ideal trebuie s\u0103 fie pasionat de comunicarea \u00een social media, copywriting, insight-uri despre consumatori, platforme \u0219i trend-uri social media, cu experien\u021b\u0103 practic\u0103 dovedit\u0103 \u00een generarea de concepte creative \u0219i g\u0103sirea celor mai bune insight-uri pentru diferite grupuri de consumatori, precum \u0219i producerea de con\u021binut pentru site-uri web \u0219i materiale tip\u0103rite (bro\u0219uri, articole de pres\u0103 etc.).<\/p>\n<p style=\"text-align: center;\">Viitorul nostru coleg \u00ee\u0219i va folosi cuno\u0219tin\u021bele de scriere creativ\u0103, cunoa\u0219terea tipologiilor de clien\u021bi, abilit\u0103\u021bile de naming, pentru a \u00eendeplini obiectivele de brand ale clien\u021bilor agen\u021biei.<\/p>\n<p>[\/vc_column_text][vc_column_text]<\/p>\n<h3 style=\"text-align: center;\">PRINCIPALELE RESPONSABILIT\u0102\u021aI<\/h3>\n<p>[\/vc_column_text][vc_column_text]<\/p>\n<p style=\"text-align: center;\">Crearea \u0219i dezvoltarea strategiilor de comunicare \u00een social media pentru branduri imobiliare<br \/>\nIdentificarea insight-urilor despre consumatori pentru grupurile \u021bint\u0103 ale proiectelor reziden\u021biale<br \/>\nGenerarea de concepte creative pentru campanii de marketing<br \/>\nSus\u021binerea de prezent\u0103ri conving\u0103toare ce v\u00e2nd propunerile de campanie clien\u021bilor dezvoltatori imobiliari \u0219i echipelor lor de v\u00e2nz\u0103ri<br \/>\nCopywriting pentru ad-uri<br \/>\nCon\u021binut pentru social media, site-uri web \u0219i\u00a0materiale de v\u00e2nz\u0103ri<br \/>\nPropuneri de naming.<\/p>\n<p>[\/vc_column_text][vc_column_text]<\/p>\n<h3 style=\"text-align: center;\">CERIN\u021aE<\/h3>\n<p>[\/vc_column_text][vc_column_text]<\/p>\n<p style=\"text-align: center;\">Cel pu\u021bin 1+ an de experien\u021b\u0103 dovedit\u0103 \u00een copywriting<br \/>\nCuno\u0219tin\u021be de PowerPoint, Word<br \/>\nAbilitate excelent\u0103 de auto-organizare \u0219i time management<br \/>\nPersonalitate creativ\u0103 cu focus pe calitatea muncii prestate \u0219i eficien\u021b\u0103<br \/>\nUn auto-didact care \u00eenva\u021b\u0103 rapid<br \/>\nJuc\u0103tor de echip\u0103 cu excelente abilit\u0103\u021bi interpersonale \u0219i de comunicare cu oamenii din toate nivelurile ierarhice ale unei organiza\u021bii<br \/>\nExcelente abilit\u0103\u021bi de comunicare scris\u0103 \u0219i verbal\u0103, at\u00e2t \u00een limba rom\u00e2n\u0103, c\u00e2t \u0219i englez\u0103.<br \/>\nEste de preferat experien\u021ba de lucru \u00eentr-o agen\u021bie de publicitate.<br \/>\nEste necesar\u0103 respectarea aspectelor cu caracter confiden\u021bial.<br \/>\nConstituie un plus cuno\u0219tin\u021bele de Photoshop \u0219i \/ sau Figma.<\/p>\n<p>[\/vc_column_text][vc_column_text]<\/p>\n<h3 style=\"text-align: center;\">APLIC\u0102 ACUM!<\/h3>\n<p>[\/vc_column_text]<\/p>\n<div class=\"wpcf7 no-js\" id=\"wpcf7-f1234-o1\" lang=\"en-US\" dir=\"ltr\" data-wpcf7-id=\"1234\">\n<div class=\"screen-reader-response\">\n<p role=\"status\" aria-live=\"polite\" aria-atomic=\"true\">\n<ul><\/ul>\n<\/div>\n<form action=\"\/ro\/wp-json\/wp\/v2\/pages\/1221#wpcf7-f1234-o1\" method=\"post\" class=\"wpcf7-form init\" aria-label=\"Contact form\" enctype=\"multipart\/form-data\" novalidate=\"novalidate\" data-status=\"init\">\n<fieldset class=\"hidden-fields-container\"><input type=\"hidden\" name=\"_wpcf7\" value=\"1234\" \/><input type=\"hidden\" name=\"_wpcf7_version\" value=\"6.1.5\" \/><input type=\"hidden\" name=\"_wpcf7_locale\" value=\"en_US\" \/><input type=\"hidden\" name=\"_wpcf7_unit_tag\" value=\"wpcf7-f1234-o1\" \/><input type=\"hidden\" name=\"_wpcf7_container_post\" value=\"0\" \/><input type=\"hidden\" name=\"_wpcf7_posted_data_hash\" value=\"\" \/><br \/>\n<\/fieldset>\n<div class=\"row\">\n<div class=\"col-12 col-md-6\">\n<p>Nume *<br \/>\n<span class=\"wpcf7-form-control-wrap\" data-name=\"nume\"><input size=\"40\" maxlength=\"400\" class=\"wpcf7-form-control wpcf7-text wpcf7-validates-as-required form-control\" aria-required=\"true\" aria-invalid=\"false\" value=\"\" type=\"text\" name=\"nume\" \/><\/span>\n\t\t<\/p>\n<p>Email *<br \/>\n<span class=\"wpcf7-form-control-wrap\" data-name=\"adresaemail\"><input size=\"40\" maxlength=\"400\" class=\"wpcf7-form-control wpcf7-email wpcf7-validates-as-required wpcf7-text wpcf7-validates-as-email form-control\" aria-required=\"true\" aria-invalid=\"false\" value=\"\" type=\"email\" name=\"adresaemail\" \/><\/span>\n\t\t<\/p>\n<p>Num\u0103r de telefon *<br \/>\n<span class=\"wpcf7-form-control-wrap\" data-name=\"telefon\"><input size=\"40\" maxlength=\"400\" class=\"wpcf7-form-control wpcf7-text wpcf7-validates-as-required form-control\" aria-required=\"true\" aria-invalid=\"false\" value=\"\" type=\"text\" name=\"telefon\" \/><\/span>\n\t\t<\/p>\n<\/p><\/div>\n<div class=\"col-12 col-md-6\">\n<p>CV<br \/>\n<span class=\"wpcf7-form-control-wrap\" data-name=\"cvatasat\"><input size=\"40\" class=\"wpcf7-form-control wpcf7-file form-control\" accept=\".jpg,.jpeg,.png,.gif,.pdf,.doc,.docx,.ppt,.pptx,.odt\" aria-invalid=\"false\" type=\"file\" name=\"cvatasat\" \/><\/span>\n\t\t<\/p>\n<p>Comentarii \/ informa\u021bii despre tine<br \/>\n<span class=\"wpcf7-form-control-wrap\" data-name=\"message\"><textarea cols=\"40\" rows=\"5\" maxlength=\"2000\" class=\"wpcf7-form-control wpcf7-textarea form-control rounded-0\" aria-invalid=\"false\" name=\"message\"><\/textarea><\/span>\n\t\t<\/p>\n<p><span class=\"wpcf7-form-control-wrap\" data-name=\"gdpr\"><span class=\"wpcf7-form-control wpcf7-acceptance\"><span class=\"wpcf7-list-item\"><label><input type=\"checkbox\" name=\"gdpr\" value=\"1\" aria-invalid=\"false\" \/><span class=\"wpcf7-list-item-label\">Sunt de acord cu <a target=\"_blank\" href=\"\/politica-datelor\/politica-confidentialitate\/\">Politica de procesare a datelor<\/a><\/span><\/label><\/span><\/span><\/span><br \/>\n<input class=\"wpcf7-form-control wpcf7-submit has-spinner btn btn-primary rounded-0\" type=\"submit\" value=\"Aplic\u0103 pentru pozi\u021bia de Account Executive\" \/>\n\t\t<\/p>\n<\/p><\/div>\n<\/div>\n<p style=\"display: none !important;\" class=\"akismet-fields-container\" data-prefix=\"_wpcf7_ak_\"><label>&#916;<textarea name=\"_wpcf7_ak_hp_textarea\" cols=\"45\" rows=\"8\" maxlength=\"100\"><\/textarea><\/label><input type=\"hidden\" id=\"ak_js_1\" name=\"_wpcf7_ak_js\" value=\"132\"\/><script type=\"text\/javascript\">\n\/* <![CDATA[ *\/\ndocument.getElementById( \"ak_js_1\" ).setAttribute( \"value\", ( new Date() ).getTime() );\n\/* ]]> *\/\n<\/script>\n<\/p>\n<div class=\"wpcf7-response-output\" aria-hidden=\"true\"><\/div>\n<\/form>\n<\/div>\n<p>[vc_column_text]<\/p>\n<h3 style=\"text-align: center;\">HAI S\u0102 NE CUNOA\u0218TEM<\/h3>\n<p>[\/vc_column_text][vc_column_text]<\/p>\n<p style=\"text-align: center;\"><span style=\"font-weight: 400;\">Compania noastr\u0103 a fost \u00eenfiin\u021bat\u0103 \u00een 2009, \u00eens\u0103 echipele noastre au peste 12 ani de expertiz\u0103 tehnic\u0103 \u0219i experien\u021ba a peste 200 de proiecte de succes \u00een mediul online.\u00a0<\/span><span style=\"font-weight: 400;\">Am dezvoltat o cultur\u0103 a afacerii care ne permite s\u0103 ne desprindem \u0219i s\u0103 ne diferen\u021biem de modelele comune \u0219i s\u0103 construim solu\u021bii personalizate pentru fiecare client, indiferent de tipul afacerii.<\/span><\/p>\n<p style=\"text-align: center;\"><span style=\"font-weight: 400;\">Denumit\u0103 ini\u021bial <a href=\"https:\/\/www.goodafternoon.ro\" target=\"_blank\" rel=\"noopener\">Good Afternoon<\/a>, ne-am schimbat numele \u00een 2018 pentru a reflecta viziunea, misiunea \u0219i structura ac\u021bionariatului. Ne propunem s\u0103 dezvolt\u0103m branduri de succes \u00een domeniul imobiliar.<br \/>\n<\/span><span style=\"font-weight: 400;\">Suntem aici pentru a ajuta investitorii imobiliari, dezvoltatorii \u0219i agen\u021biile s\u0103-\u0219i ating\u0103 obiectivele, iar valorile noastre s-au n\u0103scut \u00een spiritul colabor\u0103rii, integrit\u0103\u021bii \u0219i dep\u0103\u0219irii a\u0219tept\u0103rilor.<br \/>\n<\/span><span style=\"font-weight: 400;\">Credem c\u0103 succesul provine din \u00een\u021belegerea pie\u021bei \u0219i din \u00een\u021belegerea publicului \u021bint\u0103, \u0219i \u0219tim c\u0103 primul pas spre \u00een\u021belegerea acestora este cercetarea. Tot ceea ce facem, de la implementarea campaniilor de promovare, la strategie, la proiectarea site-urilor web \u0219i la planificarea campaniilor de comunicare, totul bazat pe date relevante acumulate \u0219i prelucrate de-a lungul timpului.<\/span><\/p>\n<p>[\/vc_column_text][vc_column_text css=&#8221;.vc_custom_1519981551352{margin-top: 100px !important;}&#8221;]<\/p>\n<h3 style=\"text-align: center;\">CREDEM \u00ceN<\/h3>\n<p>[\/vc_column_text][vc_column_text]<\/p>\n<p style=\"text-align: center;\"><strong>Credem<\/strong> c\u0103 fiecare brand ar trebui s\u0103 fie ghidat de o <strong>strategie de comunicare puternic\u0103, clar\u0103 \u0219i specific\u0103<\/strong>. Numai strategia poate stabili un curs durabil pentru succes.<\/p>\n<p style=\"text-align: center;\"><strong>Credem<\/strong> c\u0103 fiecare brand ar trebui s\u0103 se exprime \u00eentr-un mod care s\u0103 fie <strong>consistent, puternic \u0219i conving\u0103tor<\/strong>\u00a0din orice perspectiv\u0103.<\/p>\n<p style=\"text-align: center;\"><strong>Credem \u00een puterea analizei<\/strong>. Cifrele nu mint. Punem valoare \u00een procesul de luare a deciziilor pe m\u0103surarea performan\u021bei \u0219i stabilirea obiectivelor bazate pe date. Emitem teze. Le test\u0103m. M\u0103sur\u0103m. Elimin\u0103m rezultatele mai pu\u021bin satisf\u0103c\u0103toare.<\/p>\n<p style=\"text-align: center;\"><strong>Credem \u00een a face<\/strong>. \u00centotdeauna este loc de a face mai bine, pentru clien\u021bii no\u0219tri, pentru compania noastr\u0103 \u0219i pentru noi \u00een\u0219ine.<\/p>\n<p style=\"text-align: center;\"><strong>Credem \u00een perseveren\u021b\u0103<\/strong>. Continu\u0103m s\u0103 \u00eenv\u0103\u021b\u0103m \u0219i s\u0103 \u00eembun\u0103t\u0103\u021bim calitatea serviciilor livrate \u0219i insit\u0103m \u00een a g\u0103si \u0219i a crea diferen\u021ba real\u0103 \u0219i tangibil\u0103 \u00een afacerea clientului nostru.<\/p>\n<p style=\"text-align: center;\"><strong>Credem \u00een colaborare<\/strong> \u0219i a\u0219tept\u0103m cu ner\u0103bdare s\u0103 colabor\u0103m pentru a-\u021bi atinge obiectivele \u0219i a-\u021bi dep\u0103\u0219i a\u0219tept\u0103rile \u00eempreun\u0103, ca o echip\u0103.<\/p>\n<p>[\/vc_column_text][vc_column_text css=&#8221;.vc_custom_1519981706266{margin-top: 100px !important;}&#8221;]<\/p>\n<h3 style=\"text-align: center;\">TOTUL \u00ceNCEPE DE LA ECHIP\u0102<\/h3>\n<p>[\/vc_column_text][\/vc_column][\/vc_row]<\/p><\/div>\n","protected":false},"excerpt":{"rendered":"<p>[vc_row][vc_column][vc_column_text] Aceasta este o oportunitate unic\u0103 pentru un candidat de a participa la construirea \u0219i gestionarea prezen\u021bei at\u00e2t digitale c\u00e2t \u0219i offline, prin copywriting, storytelling \u0219i concepte creative pentru branduri imobiliare de top din Rom\u00e2nia. Candidatul ideal trebuie s\u0103 fie &hellip; <a href=\"https:\/\/www.digitalpartners.ro\/ro\/recrutam-social-media-storyteller\/\">Continue reading <span class=\"meta-nav\">&rarr;<\/span><\/a><\/p>\n","protected":false},"author":1,"featured_media":540,"parent":0,"menu_order":0,"comment_status":"closed","ping_status":"closed","template":"","meta":{"_acf_changed":false,"footnotes":""},"class_list":["post-1221","page","type-page","status-publish","has-post-thumbnail","hentry"],"acf":[],"_links":{"self":[{"href":"https:\/\/www.digitalpartners.ro\/ro\/wp-json\/wp\/v2\/pages\/1221","targetHints":{"allow":["GET"]}}],"collection":[{"href":"https:\/\/www.digitalpartners.ro\/ro\/wp-json\/wp\/v2\/pages"}],"about":[{"href":"https:\/\/www.digitalpartners.ro\/ro\/wp-json\/wp\/v2\/types\/page"}],"author":[{"embeddable":true,"href":"https:\/\/www.digitalpartners.ro\/ro\/wp-json\/wp\/v2\/users\/1"}],"replies":[{"embeddable":true,"href":"https:\/\/www.digitalpartners.ro\/ro\/wp-json\/wp\/v2\/comments?post=1221"}],"version-history":[{"count":14,"href":"https:\/\/www.digitalpartners.ro\/ro\/wp-json\/wp\/v2\/pages\/1221\/revisions"}],"predecessor-version":[{"id":1296,"href":"https:\/\/www.digitalpartners.ro\/ro\/wp-json\/wp\/v2\/pages\/1221\/revisions\/1296"}],"wp:featuredmedia":[{"embeddable":true,"href":"https:\/\/www.digitalpartners.ro\/ro\/wp-json\/wp\/v2\/media\/540"}],"wp:attachment":[{"href":"https:\/\/www.digitalpartners.ro\/ro\/wp-json\/wp\/v2\/media?parent=1221"}],"curies":[{"name":"wp","href":"https:\/\/api.w.org\/{rel}","templated":true}]}}